{"id":3,"date":"2019-09-23T22:16:14","date_gmt":"2019-09-23T22:16:14","guid":{"rendered":"https:\/\/martapagar.ee\/?page_id=3"},"modified":"2020-04-07T14:45:32","modified_gmt":"2020-04-07T14:45:32","slug":"privaatsus","status":"publish","type":"page","link":"https:\/\/martapagar.ee\/en\/privaatsus\/","title":{"rendered":"Privaatsuspoliitika"},"content":{"rendered":"<h3>Privaatsuspoliitika<\/h3>\n<p>Marta veebipood suhtub t\u00f5siselt kliendi andmete kaitsmisesse. Veebipoe isikuandmete vastutav t\u00f6\u00f6tleja on AS Euroleib (registrikood 10218071, aadress Karja 19, Paide, 72720 J\u00e4rva maakond, tel: 3852349, e-mail: <a href=\"mailto:info@martapagar.ee\">info@martapagar.ee<\/a>).<\/p>\n<h3>Isikuandmed on kaitstud<\/h3>\n<p>Isikuandmed on andmed, mida AS Euroleib kogub teenuse osutamiseks, isiku tuvastamiseks, isikuga \u00fchenduse v\u00f5tmiseks teenuse osutamiseks, k\u00fcsimuste lahendamiseks v\u00f5i reklaamsisu saatmiseks.<\/p>\n<p>AS Euroleib ei t\u00f6\u00f6tle Euroopa Parlamendi ja n\u00f5ukogu m\u00e4\u00e4rus (EL) 2016\/679 (inglise keeles General Data Protection Regulation ehk GDPR v\u00f5i EU Regulation 2016\/679) m\u00e4\u00e4ruses defineeritud delikaatseid isikuandmeid.<\/p>\n<p>AS Euroleib kohustub kaitsma klientide ja kasutajate isikuandmeid ning nende privaatsust. AS Euroleib tegevus internetis on koosk\u00f5las k\u00f5igi asjakohaste tegevuste ja vastavate Euroopa Liidu \u00f5igusaktide ja Eesti Vabariigi seadustega, sh Euroopa Parlamendi ja n\u00f5ukogu m\u00e4\u00e4rus (EL) 2016\/679. AS Euroleib rakendab k\u00f5iki ettevaatusabin\u00f5usid (sh administratiivsed, tehnilised ja f\u00fc\u00fcsilised meetmed) kogutud isikuandmete kaitsmiseks. Juurdep\u00e4\u00e4s andmete muutmiseks ja t\u00f6\u00f6tlemiseks on ainult selleks volitatud isikutel.<\/p>\n<h3>Turvalisus<\/h3>\n<p>K\u00f5iki AS Euroleib veebilehtede k\u00fclastamise k\u00e4igus teatavaks saanud isikuandmeid k\u00e4sitletakse kui konfidentsiaalset infot. J\u00e4rgnevalt AS Euroleib privaatsuspoliitika p\u00f5him\u00f5tted, mis k\u00e4sitlevad<br \/>\nisikuandmete kogumist, t\u00f6\u00f6tlemist, kasutamist, avaldamist, edastamist, muutmist, unustamist ja kustutamist. Toodud p\u00f5him\u00f5tted ei kehti juriidiliste isikute ja teiste ettev\u00f5tete\/asutuste andmete t\u00f6\u00f6tlemisel, ega h\u00f5lma isikuandmete t\u00f6\u00f6tlemist veebilehtedel\/teenuskeskkondadel, millele meie veebilehtedel\/teenuskeskkondadel viidatakse (v\u00e4lislingid). Ettev\u00f5tet esindav isik (teenuse tellijana) ei ole f\u00fc\u00fcsiline isik, tegemist on juriidise isiku volitatud esindajaga, kelle isikuandmete t\u00f6\u00f6tlemist ei reguleeri Euroopa Parlamendi ja N\u00f5ukogu m\u00e4\u00e4rus (EL) 2016\/679.<\/p>\n<h3><strong>Marta veebipoe poolt kogutavad isikuandmed<\/strong><\/h3>\n<p>\u2022 Veebilehtede k\u00fclastamisel kogutakse k\u00fclastaja kohta isikustamata tehnilisi andmeid.<br \/>\n\u2022 Tehnilised andmed piirduvad kasutatava arvuti v\u00f5i arvutiv\u00f5rgu internetiaadressiga (IP-aadress), arvuti veebilehitseja ja operatsioonis\u00fcsteemi tarkvaraversiooniga, k\u00fclastamise aja (kellaaeg,<br \/>\nkuup\u00e4ev, aasta) ja kohaga. IP-aadresse ei seota isikut tuvastava teabega.<br \/>\n\u2022 Andmeid kogutakse veebilehtede k\u00fclastatuste ja viibimiste kohta, et selle p\u00f5hjal veebilehtesid ja teenuskeskkondasid parendada ja k\u00fclastajatele mugavamaks muuta.<br \/>\n\u2022 \u00dclalpool nimetatud andmete kogumiseks kasutame automatiseeritud t\u00f6\u00f6riista Google Analytics. Kui te ei soovi enda kohta neid andmeid edastada, saate igal ajal keelata oma andmete kogumise Google Analyticsi poolt, nagu on kirjeldatud siin.<br \/>\n\u2022 F\u00fc\u00fcsiliste isikute osas on kogutavateks andmeteks vajadusel unikaalsuse tuvastamiseks isikukood, kommunikatsiooniks nimi, e-posti aadress, mobiiltelefon, asukoha linn ja riik.<br \/>\n\u2022 Juriidiliste isikute andmete t\u00f6\u00f6tlemiseks kogume registrinumbrit, VAT numbrit, nime, riiki, aadressi, e-postiaadresse kontakteerumiseks ja arve saatmiseks, ettev\u00f5tet esindavate kontaktisikute nimesid ja nende e-posti aadresse ning kontakttelefone.<br \/>\n\u2022 E-mailidele saadetavate turunduslike s\u00f5numite puhul v\u00f5ime koguda teie suhtluse kohta infot, n\u00e4iteks kas te avasite e-kirja, millistele linkidele te vajutate, milliseid seadmeid te selle jaoks kasutate ning milliseid on nende tehnilised omadused. See info salvestub iga kontakti ajalukku.<br \/>\n\u2022 AS Euroleib kontaktibaasis olles v\u00f5ime t\u00f6\u00f6delda teie nime ja e-posti aadressi turunduslikul eesm\u00e4rgil ka sotsiaalmeedias- ja internetirutunduses (Facebook, Instagram, Google). Nendel eesm\u00e4rkidel t\u00f6\u00f6tleme teie isikuandmeid 5 aastat alates teie kontakti kontaktibaasi lisamisest. AS Euroleib on \u00f5igustatud huvi (GDPR Art 6(1)(f)) saata oma kontaktidele turunduskommunikatsiooni s\u00e4ilitamaks nendega \u00e4rialast suhet.<\/p>\n<p>Teenuse raames Marta veebipoe keskkonda \u00fcleslaetud AS Euroleib klientide poolt t\u00f6\u00f6deldavad isikuandmed on kaitstud konfidentsiaalsusn\u00f5udega, mis rakendub teenuslepingu allakirjutamisel<br \/>\nkliendi poolt. AS Euroleib teenuseid saab kasutada \u00fcksnes peale lepinguga n\u00f5ustumist. Lepinguga n\u00f5ustumist kontrollitakse tarkvaraliselt, selle puudumisel palutakse sellega n\u00f5ustuda.<br \/>\nK\u00e4esolevas alajaotuses loetletud isikuandmete t\u00f6\u00f6tlemise eesm\u00e4rkide puhul p\u00e4\u00e4sevad andmetele ligi AS Euroleib t\u00f6\u00f6tajad, kes kasutavad k\u00f5iki turvameetmeid oma t\u00f6\u00f6s, mis puudutavad teie andmete t\u00f6\u00f6tlemist. N\u00f5usolek seotud- ja teenuse jaoks vajalike isikuandmete kogumisele antakse teenuse tellimisel tellija isiku poolt teenuse tellimise hetkel. Teenuse tellimisega loetakse n\u00f5usolek antuks vastava ajatempliga.<\/p>\n<h3>Isikuandmete s\u00e4ilitamine, kustutamine ja \u00fclekandmine<\/h3>\n<p>Isikustamata tehnilisi veebilehtede ja teenuskeskkondade kogutud andmeid s\u00e4ilitatakse t\u00e4htajatult. Isikustatud p\u00e4ringute ja\/v\u00f5i tehingutega seotud isikuandmeid s\u00e4ilitatakse kuni 7 aastat viimasest interaktsioonist teenusepakkujaga tulenevalt raamatupidamisseaduses olevast kohustusest tehinguid t\u00f5endada. Interaktsiooniks loetakse mh otseturundusele reageerimist<br \/>\nvaatamise v\u00f5i lingile klikkimise kaudu.<\/p>\n<p>AS Euroleib poolt t\u00f6\u00f6deldavaid isikuandmeid v\u00f5ib isiku n\u00f5usolekuta edastada \u00fcksnes asutusele v\u00f5i isikule, kellel on selleks otsene seadusest tulenev \u00f5igus (n\u00e4iteks kohus v\u00f5i kohtueelne menetleja) ja p\u00f5hjendatud vajadus.<\/p>\n<p>AS Euroleib teenuse raames klientide poolt t\u00f6\u00f6deldavaid isikuandmeid k\u00e4sitletakse konfidentsiaalsetena ja \u00f5igus neid andmeid t\u00f6\u00f6delda, v\u00e4ljaanda v\u00f5i edastada kuulub \u00fcksnes andmete omaniku (kliendi) vastutusalasse. AS Euroleib on isikuandmete vastutav t\u00f6\u00f6tleja, andmed edastatakse maksete teostamiseks vajalikud isikuandmeid volitanud t\u00f6\u00f6tleja Maksekeskus AS<\/p>\n<h3>N\u00f5usoleku tagasiv\u00f5tmine<\/h3>\n<p>Kui isikuandmete t\u00f6\u00f6tlemine toimub kliendi n\u00f5usoleku alusel, siis on kliendil \u00f5igus n\u00f5usolek tagasi v\u00f5tta teavitades sellest kliendituge e-maili teel (<a href=\"mailto:info@martapagar.ee\">info@martapagar.ee<\/a>).<\/p>\n<p>&nbsp;<\/p>\n<h3>Vaidluste lahendamine<\/h3>\n<p>Isikuandmete t\u00f6\u00f6tlemisega seotud vaidluste lahendamine toimub e-mail <a href=\"mailto:info@martapagar.ee\">info@martapagar.ee<\/a> v\u00f5i telefoni teel 3852349).<\/p>\n","protected":false},"excerpt":{"rendered":"<p>Privaatsuspoliitika Marta veebipood suhtub t\u00f5siselt kliendi andmete kaitsmisesse. Veebipoe isikuandmete vastutav t\u00f6\u00f6tleja on AS Euroleib (registrikood 10218071, aadress Karja 19, Paide, 72720 J\u00e4rva maakond, tel: 3852349, e-mail: info@martapagar.ee). Isikuandmed on kaitstud Isikuandmed on andmed, mida AS Euroleib kogub teenuse osutamiseks, isiku tuvastamiseks, isikuga \u00fchenduse v\u00f5tmiseks teenuse osutamiseks, k\u00fcsimuste lahendamiseks v\u00f5i reklaamsisu saatmiseks. AS Euroleib ei [&hellip;]<\/p>\n","protected":false},"author":1,"featured_media":0,"parent":0,"menu_order":0,"comment_status":"closed","ping_status":"open","template":"","meta":{"footnotes":""},"class_list":["post-3","page","type-page","status-publish","hentry"],"_links":{"self":[{"href":"https:\/\/martapagar.ee\/en\/wp-json\/wp\/v2\/pages\/3","targetHints":{"allow":["GET"]}}],"collection":[{"href":"https:\/\/martapagar.ee\/en\/wp-json\/wp\/v2\/pages"}],"about":[{"href":"https:\/\/martapagar.ee\/en\/wp-json\/wp\/v2\/types\/page"}],"author":[{"embeddable":true,"href":"https:\/\/martapagar.ee\/en\/wp-json\/wp\/v2\/users\/1"}],"replies":[{"embeddable":true,"href":"https:\/\/martapagar.ee\/en\/wp-json\/wp\/v2\/comments?post=3"}],"version-history":[{"count":4,"href":"https:\/\/martapagar.ee\/en\/wp-json\/wp\/v2\/pages\/3\/revisions"}],"predecessor-version":[{"id":2700,"href":"https:\/\/martapagar.ee\/en\/wp-json\/wp\/v2\/pages\/3\/revisions\/2700"}],"wp:attachment":[{"href":"https:\/\/martapagar.ee\/en\/wp-json\/wp\/v2\/media?parent=3"}],"curies":[{"name":"wp","href":"https:\/\/api.w.org\/{rel}","templated":true}]}}