{"id":2540,"date":"2020-04-06T06:20:44","date_gmt":"2020-04-06T06:20:44","guid":{"rendered":"https:\/\/martapagar.ee\/?post_type=product&#038;p=2540"},"modified":"2026-03-01T18:57:36","modified_gmt":"2026-03-01T16:57:36","slug":"falafel","status":"publish","type":"product","link":"https:\/\/martapagar.ee\/en\/toode\/falafel\/","title":{"rendered":"Falafel 230 g"},"content":{"rendered":"<h3>Falafel<\/h3>\n<p>on eelk\u00fcpsetatud ja pakendatud gaasikeskkonda.<br \/>\nS\u00e4ilitus tingimus: +2\u00b0C&#8230;+6 \u00b0C<br \/>\nK\u00f5lblik kuni: 14 p\u00e4eva<\/p>\n<p>Parimad maitseomadused soojalt<\/p>\n<div  class='av-social-sharing-box av-2j8azg-ecb349ae9cc12921cca1ca61c02ab696 av-social-sharing-box-default  avia-builder-el-0  avia-builder-el-no-sibling  av-social-sharing-box-fullwidth'><div class=\"av-share-box\"><h5 class='av-share-link-description av-no-toc '>Jaga s\u00f5pradele!<\/h5><ul class=\"av-share-box-list noLightbox\"><li class='av-share-link av-social-link-facebook' ><a target=\"_blank\" aria-label=\"Share on Facebook\" href='https:\/\/www.facebook.com\/sharer.php?u=https:\/\/martapagar.ee\/en\/toode\/falafel\/&#038;t=Falafel%20230%20g' aria-hidden='false' data-av_icon='\ue8f3' data-av_iconfont='entypo-fontello' title='' data-avia-related-tooltip='Share on Facebook' rel=\"noopener\"><span class='avia_hidden_link_text'>Share on Facebook<\/span><\/a><\/li><li class='av-share-link av-social-link-twitter' ><a target=\"_blank\" aria-label=\"Share on Twitter\" href='https:\/\/twitter.com\/share?text=Falafel%20230%20g&#038;url=https:\/\/martapagar.ee\/en\/?p=2540' aria-hidden='false' data-av_icon='\ue932' data-av_iconfont='entypo-fontello' title='' data-avia-related-tooltip='Share on Twitter' rel=\"noopener\"><span class='avia_hidden_link_text'>Share on Twitter<\/span><\/a><\/li><li class='av-share-link av-social-link-mail' ><a  aria-label=\"Share by Mail\" href='mailto:?subject=Falafel%20230%20g&#038;body=https:\/\/martapagar.ee\/en\/toode\/falafel\/' aria-hidden='false' data-av_icon='\ue805' data-av_iconfont='entypo-fontello' title='' data-avia-related-tooltip='Share by Mail'><span class='avia_hidden_link_text'>Share by Mail<\/span><\/a><\/li><\/ul><\/div><\/div>\n<p>&nbsp;<\/p>\n","protected":false},"excerpt":{"rendered":"<p>Kikerhernestest v\u00fcrtsidega pallike. Sisaldab\u00a0 sibulat, maisit\u00e4rklist ja riisijahu. Sobib suurep\u00e4raselt sn\u00e4kiks ja \u00fcheks prae komponendiks.<\/p>\n","protected":false},"featured_media":7796,"template":"","meta":[],"product_brand":[],"product_cat":[51,46],"product_tag":[],"class_list":{"0":"post-2540","1":"product","2":"type-product","3":"status-publish","4":"has-post-thumbnail","6":"product_cat-kotletid","7":"product_cat-kulinaaria","9":"first","10":"outofstock","11":"taxable","12":"shipping-taxable","13":"product-type-simple"},"_links":{"self":[{"href":"https:\/\/martapagar.ee\/en\/wp-json\/wp\/v2\/product\/2540","targetHints":{"allow":["GET"]}}],"collection":[{"href":"https:\/\/martapagar.ee\/en\/wp-json\/wp\/v2\/product"}],"about":[{"href":"https:\/\/martapagar.ee\/en\/wp-json\/wp\/v2\/types\/product"}],"wp:featuredmedia":[{"embeddable":true,"href":"https:\/\/martapagar.ee\/en\/wp-json\/wp\/v2\/media\/7796"}],"wp:attachment":[{"href":"https:\/\/martapagar.ee\/en\/wp-json\/wp\/v2\/media?parent=2540"}],"wp:term":[{"taxonomy":"product_brand","embeddable":true,"href":"https:\/\/martapagar.ee\/en\/wp-json\/wp\/v2\/product_brand?post=2540"},{"taxonomy":"product_cat","embeddable":true,"href":"https:\/\/martapagar.ee\/en\/wp-json\/wp\/v2\/product_cat?post=2540"},{"taxonomy":"product_tag","embeddable":true,"href":"https:\/\/martapagar.ee\/en\/wp-json\/wp\/v2\/product_tag?post=2540"}],"curies":[{"name":"wp","href":"https:\/\/api.w.org\/{rel}","templated":true}]}}