{"id":2786,"date":"2020-04-08T07:23:40","date_gmt":"2020-04-08T07:23:40","guid":{"rendered":"https:\/\/martapagar.ee\/?post_type=product&#038;p=2786"},"modified":"2025-10-24T21:56:33","modified_gmt":"2025-10-24T18:56:33","slug":"mustsostra-sefiiritort-kohupiimaga-tellimisel","status":"publish","type":"product","link":"https:\/\/martapagar.ee\/en\/toode\/mustsostra-sefiiritort-kohupiimaga-tellimisel\/","title":{"rendered":"Musts\u00f5stra-sefiiritort kohupiimaga 600g"},"content":{"rendered":"<p>Keeksip\u00f5hjal olev tort, mis on kaetud kohupiimakreemiga ning kaunistatud sefiiriga. M\u00f5nusat hapukat maitset lisavad musts\u00f5strad.<\/p>\n<p>K\u00f5lblik kuni: 4 p\u00e4eva<\/p>\n<div  class='av-social-sharing-box av-2j8azg-ecb349ae9cc12921cca1ca61c02ab696 av-social-sharing-box-default  avia-builder-el-0  avia-builder-el-no-sibling  av-social-sharing-box-fullwidth'><div class=\"av-share-box\"><h5 class='av-share-link-description av-no-toc '>Jaga s\u00f5pradele!<\/h5><ul class=\"av-share-box-list noLightbox\"><li class='av-share-link av-social-link-facebook' ><a target=\"_blank\" aria-label=\"Share on Facebook\" href='https:\/\/www.facebook.com\/sharer.php?u=https:\/\/martapagar.ee\/en\/toode\/mustsostra-sefiiritort-kohupiimaga-tellimisel\/&#038;t=Musts%C3%B5stra-sefiiritort%20kohupiimaga%20600g' aria-hidden='false' data-av_icon='\ue8f3' data-av_iconfont='entypo-fontello' title='' data-avia-related-tooltip='Share on Facebook' rel=\"noopener\"><span class='avia_hidden_link_text'>Share on Facebook<\/span><\/a><\/li><li class='av-share-link av-social-link-twitter' ><a target=\"_blank\" aria-label=\"Share on Twitter\" href='https:\/\/twitter.com\/share?text=Musts%C3%B5stra-sefiiritort%20kohupiimaga%20600g&#038;url=https:\/\/martapagar.ee\/en\/?p=2786' aria-hidden='false' data-av_icon='\ue932' data-av_iconfont='entypo-fontello' title='' data-avia-related-tooltip='Share on Twitter' rel=\"noopener\"><span class='avia_hidden_link_text'>Share on Twitter<\/span><\/a><\/li><li class='av-share-link av-social-link-mail' ><a  aria-label=\"Share by Mail\" href='mailto:?subject=Musts%C3%B5stra-sefiiritort%20kohupiimaga%20600g&#038;body=https:\/\/martapagar.ee\/en\/toode\/mustsostra-sefiiritort-kohupiimaga-tellimisel\/' aria-hidden='false' data-av_icon='\ue805' data-av_iconfont='entypo-fontello' title='' data-avia-related-tooltip='Share by Mail'><span class='avia_hidden_link_text'>Share by Mail<\/span><\/a><\/li><\/ul><\/div><\/div>\n","protected":false},"excerpt":{"rendered":"<p>Kohupiimakreemi ja ehtsate musts\u00f5stardega sefiiritort<\/p>\n","protected":false},"featured_media":6500,"template":"","meta":[],"product_brand":[],"product_cat":[54],"product_tag":[],"class_list":{"0":"post-2786","1":"product","2":"type-product","3":"status-publish","4":"has-post-thumbnail","6":"product_cat-tordid","8":"first","9":"outofstock","10":"taxable","11":"shipping-taxable","12":"product-type-simple"},"_links":{"self":[{"href":"https:\/\/martapagar.ee\/en\/wp-json\/wp\/v2\/product\/2786","targetHints":{"allow":["GET"]}}],"collection":[{"href":"https:\/\/martapagar.ee\/en\/wp-json\/wp\/v2\/product"}],"about":[{"href":"https:\/\/martapagar.ee\/en\/wp-json\/wp\/v2\/types\/product"}],"wp:featuredmedia":[{"embeddable":true,"href":"https:\/\/martapagar.ee\/en\/wp-json\/wp\/v2\/media\/6500"}],"wp:attachment":[{"href":"https:\/\/martapagar.ee\/en\/wp-json\/wp\/v2\/media?parent=2786"}],"wp:term":[{"taxonomy":"product_brand","embeddable":true,"href":"https:\/\/martapagar.ee\/en\/wp-json\/wp\/v2\/product_brand?post=2786"},{"taxonomy":"product_cat","embeddable":true,"href":"https:\/\/martapagar.ee\/en\/wp-json\/wp\/v2\/product_cat?post=2786"},{"taxonomy":"product_tag","embeddable":true,"href":"https:\/\/martapagar.ee\/en\/wp-json\/wp\/v2\/product_tag?post=2786"}],"curies":[{"name":"wp","href":"https:\/\/api.w.org\/{rel}","templated":true}]}}