{"id":3180,"date":"2020-04-13T06:21:56","date_gmt":"2020-04-13T06:21:56","guid":{"rendered":"https:\/\/martapagar.ee\/?post_type=product&#038;p=3180"},"modified":"2025-10-21T17:09:51","modified_gmt":"2025-10-21T14:09:51","slug":"hummus-musta-kuuslauguga","status":"publish","type":"product","link":"https:\/\/martapagar.ee\/en\/toode\/hummus-musta-kuuslauguga\/","title":{"rendered":"Hummus musta k\u00fc\u00fcslauguga"},"content":{"rendered":"<p>S\u00e4ilitus tingimus: +2 \u00b0C&#8230;+6 \u00b0C<br \/>\nK\u00f5lblik kuni: 21 p\u00e4eva<\/p>\n<div  class='av-social-sharing-box av-2j8azg-ecb349ae9cc12921cca1ca61c02ab696 av-social-sharing-box-default  avia-builder-el-0  avia-builder-el-no-sibling  av-social-sharing-box-fullwidth'><div class=\"av-share-box\"><h5 class='av-share-link-description av-no-toc '>Jaga s\u00f5pradele!<\/h5><ul class=\"av-share-box-list noLightbox\"><li class='av-share-link av-social-link-facebook' ><a target=\"_blank\" aria-label=\"Share on Facebook\" href='https:\/\/www.facebook.com\/sharer.php?u=https:\/\/martapagar.ee\/en\/toode\/hummus-musta-kuuslauguga\/&#038;t=Hummus%20musta%20k%C3%BC%C3%BCslauguga' aria-hidden='false' data-av_icon='\ue8f3' data-av_iconfont='entypo-fontello' title='' data-avia-related-tooltip='Share on Facebook' rel=\"noopener\"><span class='avia_hidden_link_text'>Share on Facebook<\/span><\/a><\/li><li class='av-share-link av-social-link-twitter' ><a target=\"_blank\" aria-label=\"Share on Twitter\" href='https:\/\/twitter.com\/share?text=Hummus%20musta%20k%C3%BC%C3%BCslauguga&#038;url=https:\/\/martapagar.ee\/en\/?p=3180' aria-hidden='false' data-av_icon='\ue932' data-av_iconfont='entypo-fontello' title='' data-avia-related-tooltip='Share on Twitter' rel=\"noopener\"><span class='avia_hidden_link_text'>Share on Twitter<\/span><\/a><\/li><li class='av-share-link av-social-link-mail' ><a  aria-label=\"Share by Mail\" href='mailto:?subject=Hummus%20musta%20k%C3%BC%C3%BCslauguga&#038;body=https:\/\/martapagar.ee\/en\/toode\/hummus-musta-kuuslauguga\/' aria-hidden='false' data-av_icon='\ue805' data-av_iconfont='entypo-fontello' title='' data-avia-related-tooltip='Share by Mail'><span class='avia_hidden_link_text'>Share by Mail<\/span><\/a><\/li><\/ul><\/div><\/div>\n<p>&nbsp;<\/p>\n","protected":false},"excerpt":{"rendered":"<p>Kikerhernestest\u00a0 sidrunimahlast, mustast k\u00fc\u00fcslaugust ja v\u00fcrtsidest koosnev pasta. Toode on\u00a0 m\u00e4\u00e4rdele omase tihke konsistentsiga, sobib nii m\u00e4\u00e4rdeks kui ka iseseisva toiduna salati v\u00f5i prae k\u00f5rvale. Kindlasti sobib\u00a0 hummus kr\u00f5beleiva v\u00f5i krutoonide dipiks. <strong>\u00a0<\/strong><\/p>\n<p>Sobib veganitele<\/p>\n","protected":false},"featured_media":6804,"template":"","meta":[],"product_brand":[],"product_cat":[56,46],"product_tag":[],"class_list":{"0":"post-3180","1":"product","2":"type-product","3":"status-publish","4":"has-post-thumbnail","6":"product_cat-hummused","7":"product_cat-kulinaaria","9":"first","10":"outofstock","11":"taxable","12":"shipping-taxable","13":"product-type-simple"},"_links":{"self":[{"href":"https:\/\/martapagar.ee\/en\/wp-json\/wp\/v2\/product\/3180","targetHints":{"allow":["GET"]}}],"collection":[{"href":"https:\/\/martapagar.ee\/en\/wp-json\/wp\/v2\/product"}],"about":[{"href":"https:\/\/martapagar.ee\/en\/wp-json\/wp\/v2\/types\/product"}],"wp:featuredmedia":[{"embeddable":true,"href":"https:\/\/martapagar.ee\/en\/wp-json\/wp\/v2\/media\/6804"}],"wp:attachment":[{"href":"https:\/\/martapagar.ee\/en\/wp-json\/wp\/v2\/media?parent=3180"}],"wp:term":[{"taxonomy":"product_brand","embeddable":true,"href":"https:\/\/martapagar.ee\/en\/wp-json\/wp\/v2\/product_brand?post=3180"},{"taxonomy":"product_cat","embeddable":true,"href":"https:\/\/martapagar.ee\/en\/wp-json\/wp\/v2\/product_cat?post=3180"},{"taxonomy":"product_tag","embeddable":true,"href":"https:\/\/martapagar.ee\/en\/wp-json\/wp\/v2\/product_tag?post=3180"}],"curies":[{"name":"wp","href":"https:\/\/api.w.org\/{rel}","templated":true}]}}