{"id":4183,"date":"2020-04-29T23:17:04","date_gmt":"2020-04-29T20:17:04","guid":{"rendered":"https:\/\/martapagar.ee\/?post_type=product&#038;p=4183"},"modified":"2025-10-21T19:29:23","modified_gmt":"2025-10-21T16:29:23","slug":"juustukringel-500-g","status":"publish","type":"product","link":"https:\/\/martapagar.ee\/en\/toode\/juustukringel-500-g\/","title":{"rendered":"Juustukringel <br>500 g"},"content":{"rendered":"<p>P\u00e4rmitaignast soolane kringel, mille t\u00e4idiseks v\u00f5i ja juust, pealispinnal juust.<br \/>\nPakitud.<\/p>\n<p>Parim enne: 5 p\u00e4eva<\/p>\n<div  class='av-social-sharing-box av-2j8azg-ecb349ae9cc12921cca1ca61c02ab696 av-social-sharing-box-default  avia-builder-el-0  avia-builder-el-no-sibling  av-social-sharing-box-fullwidth'><div class=\"av-share-box\"><h5 class='av-share-link-description av-no-toc '>Jaga s\u00f5pradele!<\/h5><ul class=\"av-share-box-list noLightbox\"><li class='av-share-link av-social-link-facebook' ><a target=\"_blank\" aria-label=\"Share on Facebook\" href='https:\/\/www.facebook.com\/sharer.php?u=https:\/\/martapagar.ee\/en\/toode\/juustukringel-500-g\/&#038;t=Juustukringel%20%3Cbr%3E500%20g' aria-hidden='false' data-av_icon='\ue8f3' data-av_iconfont='entypo-fontello' title='' data-avia-related-tooltip='Share on Facebook' rel=\"noopener\"><span class='avia_hidden_link_text'>Share on Facebook<\/span><\/a><\/li><li class='av-share-link av-social-link-twitter' ><a target=\"_blank\" aria-label=\"Share on Twitter\" href='https:\/\/twitter.com\/share?text=Juustukringel%20%3Cbr%3E500%20g&#038;url=https:\/\/martapagar.ee\/en\/?p=4183' aria-hidden='false' data-av_icon='\ue932' data-av_iconfont='entypo-fontello' title='' data-avia-related-tooltip='Share on Twitter' rel=\"noopener\"><span class='avia_hidden_link_text'>Share on Twitter<\/span><\/a><\/li><li class='av-share-link av-social-link-mail' ><a  aria-label=\"Share by Mail\" href='mailto:?subject=Juustukringel%20%3Cbr%3E500%20g&#038;body=https:\/\/martapagar.ee\/en\/toode\/juustukringel-500-g\/' aria-hidden='false' data-av_icon='\ue805' data-av_iconfont='entypo-fontello' title='' data-avia-related-tooltip='Share by Mail'><span class='avia_hidden_link_text'>Share by Mail<\/span><\/a><\/li><\/ul><\/div><\/div>\n","protected":false},"excerpt":{"rendered":"<p>P\u00e4rmitaignast soolane kringel, mille t\u00e4idiseks v\u00f5i ja juust, pealispinnal juust. Pakitud. Parim enne: 5 p\u00e4eva<\/p>\n","protected":false},"featured_media":755,"template":"","meta":[],"product_brand":[],"product_cat":[52],"product_tag":[],"class_list":{"0":"post-4183","1":"product","2":"type-product","3":"status-publish","4":"has-post-thumbnail","6":"product_cat-kringlid","8":"first","9":"outofstock","10":"taxable","11":"shipping-taxable","12":"product-type-simple"},"_links":{"self":[{"href":"https:\/\/martapagar.ee\/en\/wp-json\/wp\/v2\/product\/4183","targetHints":{"allow":["GET"]}}],"collection":[{"href":"https:\/\/martapagar.ee\/en\/wp-json\/wp\/v2\/product"}],"about":[{"href":"https:\/\/martapagar.ee\/en\/wp-json\/wp\/v2\/types\/product"}],"wp:featuredmedia":[{"embeddable":true,"href":"https:\/\/martapagar.ee\/en\/wp-json\/wp\/v2\/media\/755"}],"wp:attachment":[{"href":"https:\/\/martapagar.ee\/en\/wp-json\/wp\/v2\/media?parent=4183"}],"wp:term":[{"taxonomy":"product_brand","embeddable":true,"href":"https:\/\/martapagar.ee\/en\/wp-json\/wp\/v2\/product_brand?post=4183"},{"taxonomy":"product_cat","embeddable":true,"href":"https:\/\/martapagar.ee\/en\/wp-json\/wp\/v2\/product_cat?post=4183"},{"taxonomy":"product_tag","embeddable":true,"href":"https:\/\/martapagar.ee\/en\/wp-json\/wp\/v2\/product_tag?post=4183"}],"curies":[{"name":"wp","href":"https:\/\/api.w.org\/{rel}","templated":true}]}}