{"id":4251,"date":"2020-04-30T09:20:40","date_gmt":"2020-04-30T06:20:40","guid":{"rendered":"https:\/\/martapagar.ee\/?post_type=product&#038;p=4251"},"modified":"2025-10-21T17:03:57","modified_gmt":"2025-10-21T14:03:57","slug":"ounarongas","status":"publish","type":"product","link":"https:\/\/martapagar.ee\/en\/toode\/ounarongas\/","title":{"rendered":"\u00d5unar\u00f5ngas"},"content":{"rendered":"<p>\u00dcmmargune p\u00e4rmitaigna p\u00f5hjaga- ja \u00f5unakattega kook. Peal purukoogi puiste.<br \/>\nPakitud.<br \/>\nParim enne: 4 p\u00e4eva<\/p>\n<div  class='av-social-sharing-box av-2j8azg-ecb349ae9cc12921cca1ca61c02ab696 av-social-sharing-box-default  avia-builder-el-0  avia-builder-el-no-sibling  av-social-sharing-box-fullwidth'><div class=\"av-share-box\"><h5 class='av-share-link-description av-no-toc '>Jaga s\u00f5pradele!<\/h5><ul class=\"av-share-box-list noLightbox\"><li class='av-share-link av-social-link-facebook' ><a target=\"_blank\" aria-label=\"Share on Facebook\" href='https:\/\/www.facebook.com\/sharer.php?u=https:\/\/martapagar.ee\/en\/toode\/ounarongas\/&#038;t=%C3%95unar%C3%B5ngas' aria-hidden='false' data-av_icon='\ue8f3' data-av_iconfont='entypo-fontello' title='' data-avia-related-tooltip='Share on Facebook' rel=\"noopener\"><span class='avia_hidden_link_text'>Share on Facebook<\/span><\/a><\/li><li class='av-share-link av-social-link-twitter' ><a target=\"_blank\" aria-label=\"Share on Twitter\" href='https:\/\/twitter.com\/share?text=%C3%95unar%C3%B5ngas&#038;url=https:\/\/martapagar.ee\/en\/?p=4251' aria-hidden='false' data-av_icon='\ue932' data-av_iconfont='entypo-fontello' title='' data-avia-related-tooltip='Share on Twitter' rel=\"noopener\"><span class='avia_hidden_link_text'>Share on Twitter<\/span><\/a><\/li><li class='av-share-link av-social-link-mail' ><a  aria-label=\"Share by Mail\" href='mailto:?subject=%C3%95unar%C3%B5ngas&#038;body=https:\/\/martapagar.ee\/en\/toode\/ounarongas\/' aria-hidden='false' data-av_icon='\ue805' data-av_iconfont='entypo-fontello' title='' data-avia-related-tooltip='Share by Mail'><span class='avia_hidden_link_text'>Share by Mail<\/span><\/a><\/li><\/ul><\/div><\/div>\n<p>&nbsp;<\/p>\n","protected":false},"excerpt":{"rendered":"<p>350 g<\/p>\n","protected":false},"featured_media":1222,"template":"","meta":[],"product_brand":[],"product_cat":[55],"product_tag":[],"class_list":{"0":"post-4251","1":"product","2":"type-product","3":"status-publish","4":"has-post-thumbnail","6":"product_cat-karbikoogid","8":"first","9":"outofstock","10":"taxable","11":"shipping-taxable","12":"product-type-simple"},"_links":{"self":[{"href":"https:\/\/martapagar.ee\/en\/wp-json\/wp\/v2\/product\/4251","targetHints":{"allow":["GET"]}}],"collection":[{"href":"https:\/\/martapagar.ee\/en\/wp-json\/wp\/v2\/product"}],"about":[{"href":"https:\/\/martapagar.ee\/en\/wp-json\/wp\/v2\/types\/product"}],"wp:featuredmedia":[{"embeddable":true,"href":"https:\/\/martapagar.ee\/en\/wp-json\/wp\/v2\/media\/1222"}],"wp:attachment":[{"href":"https:\/\/martapagar.ee\/en\/wp-json\/wp\/v2\/media?parent=4251"}],"wp:term":[{"taxonomy":"product_brand","embeddable":true,"href":"https:\/\/martapagar.ee\/en\/wp-json\/wp\/v2\/product_brand?post=4251"},{"taxonomy":"product_cat","embeddable":true,"href":"https:\/\/martapagar.ee\/en\/wp-json\/wp\/v2\/product_cat?post=4251"},{"taxonomy":"product_tag","embeddable":true,"href":"https:\/\/martapagar.ee\/en\/wp-json\/wp\/v2\/product_tag?post=4251"}],"curies":[{"name":"wp","href":"https:\/\/api.w.org\/{rel}","templated":true}]}}