{"id":4488,"date":"2020-04-30T18:50:57","date_gmt":"2020-04-30T15:50:57","guid":{"rendered":"https:\/\/martapagar.ee\/?post_type=product&#038;p=4488"},"modified":"2025-10-21T16:57:46","modified_gmt":"2025-10-21T13:57:46","slug":"kihiline-kupsis","status":"publish","type":"product","link":"https:\/\/martapagar.ee\/en\/toode\/kihiline-kupsis\/","title":{"rendered":"Kihiline k\u00fcpsis"},"content":{"rendered":"<p>Kakao ja piimaglasuuriga kaunistatud j\u00f5hvikamoosiga kihistatud v\u00f5ibiskviidist l\u00f5ikek\u00fcpsised.<\/p>\n<p>Pakitud.<\/p>\n<p>Parim enne: 21 p\u00e4eva<\/p>\n<div  class='av-social-sharing-box av-2j8azg-ecb349ae9cc12921cca1ca61c02ab696 av-social-sharing-box-default  avia-builder-el-0  avia-builder-el-no-sibling  av-social-sharing-box-fullwidth'><div class=\"av-share-box\"><h5 class='av-share-link-description av-no-toc '>Jaga s\u00f5pradele!<\/h5><ul class=\"av-share-box-list noLightbox\"><li class='av-share-link av-social-link-facebook' ><a target=\"_blank\" aria-label=\"Share on Facebook\" href='https:\/\/www.facebook.com\/sharer.php?u=https:\/\/martapagar.ee\/en\/toode\/kihiline-kupsis\/&#038;t=Kihiline%20k%C3%BCpsis' aria-hidden='false' data-av_icon='\ue8f3' data-av_iconfont='entypo-fontello' title='' data-avia-related-tooltip='Share on Facebook' rel=\"noopener\"><span class='avia_hidden_link_text'>Share on Facebook<\/span><\/a><\/li><li class='av-share-link av-social-link-twitter' ><a target=\"_blank\" aria-label=\"Share on Twitter\" href='https:\/\/twitter.com\/share?text=Kihiline%20k%C3%BCpsis&#038;url=https:\/\/martapagar.ee\/en\/?p=4488' aria-hidden='false' data-av_icon='\ue932' data-av_iconfont='entypo-fontello' title='' data-avia-related-tooltip='Share on Twitter' rel=\"noopener\"><span class='avia_hidden_link_text'>Share on Twitter<\/span><\/a><\/li><li class='av-share-link av-social-link-mail' ><a  aria-label=\"Share by Mail\" href='mailto:?subject=Kihiline%20k%C3%BCpsis&#038;body=https:\/\/martapagar.ee\/en\/toode\/kihiline-kupsis\/' aria-hidden='false' data-av_icon='\ue805' data-av_iconfont='entypo-fontello' title='' data-avia-related-tooltip='Share by Mail'><span class='avia_hidden_link_text'>Share by Mail<\/span><\/a><\/li><\/ul><\/div><\/div>\n","protected":false},"excerpt":{"rendered":"<p>220 g<\/p>\n","protected":false},"featured_media":8545,"template":"","meta":[],"product_brand":[],"product_cat":[55],"product_tag":[],"class_list":{"0":"post-4488","1":"product","2":"type-product","3":"status-publish","4":"has-post-thumbnail","6":"product_cat-karbikoogid","8":"first","9":"outofstock","10":"taxable","11":"shipping-taxable","12":"product-type-simple"},"_links":{"self":[{"href":"https:\/\/martapagar.ee\/en\/wp-json\/wp\/v2\/product\/4488","targetHints":{"allow":["GET"]}}],"collection":[{"href":"https:\/\/martapagar.ee\/en\/wp-json\/wp\/v2\/product"}],"about":[{"href":"https:\/\/martapagar.ee\/en\/wp-json\/wp\/v2\/types\/product"}],"wp:featuredmedia":[{"embeddable":true,"href":"https:\/\/martapagar.ee\/en\/wp-json\/wp\/v2\/media\/8545"}],"wp:attachment":[{"href":"https:\/\/martapagar.ee\/en\/wp-json\/wp\/v2\/media?parent=4488"}],"wp:term":[{"taxonomy":"product_brand","embeddable":true,"href":"https:\/\/martapagar.ee\/en\/wp-json\/wp\/v2\/product_brand?post=4488"},{"taxonomy":"product_cat","embeddable":true,"href":"https:\/\/martapagar.ee\/en\/wp-json\/wp\/v2\/product_cat?post=4488"},{"taxonomy":"product_tag","embeddable":true,"href":"https:\/\/martapagar.ee\/en\/wp-json\/wp\/v2\/product_tag?post=4488"}],"curies":[{"name":"wp","href":"https:\/\/api.w.org\/{rel}","templated":true}]}}