{"id":6690,"date":"2021-10-13T16:37:08","date_gmt":"2021-10-13T13:37:08","guid":{"rendered":"https:\/\/martapagar.ee\/?post_type=product&#038;p=6690"},"modified":"2025-10-21T17:25:00","modified_gmt":"2025-10-21T14:25:00","slug":"kodune-laatsekotlet-240g","status":"publish","type":"product","link":"https:\/\/martapagar.ee\/en\/toode\/kodune-laatsekotlet-240g\/","title":{"rendered":"Kodune l\u00e4\u00e4tsekotlet 240g"},"content":{"rendered":"<p>Toode on eelk\u00fcpsetatud ja pakendatud gaasikeskkonda.<br \/>\nS\u00e4ilitus tingimus: +2\u00b0C&#8230;+6 \u00b0C<br \/>\nK\u00f5lblik kuni: 14 p\u00e4eva<\/p>\n<div  class='av-social-sharing-box av-2j8azg-ecb349ae9cc12921cca1ca61c02ab696 av-social-sharing-box-default  avia-builder-el-0  avia-builder-el-no-sibling  av-social-sharing-box-fullwidth'><div class=\"av-share-box\"><h5 class='av-share-link-description av-no-toc '>Jaga s\u00f5pradele!<\/h5><ul class=\"av-share-box-list noLightbox\"><li class='av-share-link av-social-link-facebook' ><a target=\"_blank\" aria-label=\"Share on Facebook\" href='https:\/\/www.facebook.com\/sharer.php?u=https:\/\/martapagar.ee\/en\/toode\/kodune-laatsekotlet-240g\/&#038;t=Kodune%20l%C3%A4%C3%A4tsekotlet%20240g' aria-hidden='false' data-av_icon='\ue8f3' data-av_iconfont='entypo-fontello' title='' data-avia-related-tooltip='Share on Facebook' rel=\"noopener\"><span class='avia_hidden_link_text'>Share on Facebook<\/span><\/a><\/li><li class='av-share-link av-social-link-twitter' ><a target=\"_blank\" aria-label=\"Share on Twitter\" href='https:\/\/twitter.com\/share?text=Kodune%20l%C3%A4%C3%A4tsekotlet%20240g&#038;url=https:\/\/martapagar.ee\/en\/?p=6690' aria-hidden='false' data-av_icon='\ue932' data-av_iconfont='entypo-fontello' title='' data-avia-related-tooltip='Share on Twitter' rel=\"noopener\"><span class='avia_hidden_link_text'>Share on Twitter<\/span><\/a><\/li><li class='av-share-link av-social-link-mail' ><a  aria-label=\"Share by Mail\" href='mailto:?subject=Kodune%20l%C3%A4%C3%A4tsekotlet%20240g&#038;body=https:\/\/martapagar.ee\/en\/toode\/kodune-laatsekotlet-240g\/' aria-hidden='false' data-av_icon='\ue805' data-av_iconfont='entypo-fontello' title='' data-avia-related-tooltip='Share by Mail'><span class='avia_hidden_link_text'>Share by Mail<\/span><\/a><\/li><\/ul><\/div><\/div>\n","protected":false},"excerpt":{"rendered":"<p>Kaal: 240 g<\/p>\n<p>L\u00e4\u00e4tsedest ja porgandist \u00fcrtide ja v\u00fcrtsidega maitsestatud mahedad kodused kotletid.<\/p>\n","protected":false},"featured_media":6695,"template":"","meta":[],"product_brand":[],"product_cat":[51,46],"product_tag":[],"class_list":{"0":"post-6690","1":"product","2":"type-product","3":"status-publish","4":"has-post-thumbnail","6":"product_cat-kotletid","7":"product_cat-kulinaaria","9":"first","10":"outofstock","11":"taxable","12":"shipping-taxable","13":"product-type-simple"},"_links":{"self":[{"href":"https:\/\/martapagar.ee\/en\/wp-json\/wp\/v2\/product\/6690","targetHints":{"allow":["GET"]}}],"collection":[{"href":"https:\/\/martapagar.ee\/en\/wp-json\/wp\/v2\/product"}],"about":[{"href":"https:\/\/martapagar.ee\/en\/wp-json\/wp\/v2\/types\/product"}],"wp:featuredmedia":[{"embeddable":true,"href":"https:\/\/martapagar.ee\/en\/wp-json\/wp\/v2\/media\/6695"}],"wp:attachment":[{"href":"https:\/\/martapagar.ee\/en\/wp-json\/wp\/v2\/media?parent=6690"}],"wp:term":[{"taxonomy":"product_brand","embeddable":true,"href":"https:\/\/martapagar.ee\/en\/wp-json\/wp\/v2\/product_brand?post=6690"},{"taxonomy":"product_cat","embeddable":true,"href":"https:\/\/martapagar.ee\/en\/wp-json\/wp\/v2\/product_cat?post=6690"},{"taxonomy":"product_tag","embeddable":true,"href":"https:\/\/martapagar.ee\/en\/wp-json\/wp\/v2\/product_tag?post=6690"}],"curies":[{"name":"wp","href":"https:\/\/api.w.org\/{rel}","templated":true}]}}