{"id":7785,"date":"2023-08-07T11:44:33","date_gmt":"2023-08-07T08:44:33","guid":{"rendered":"https:\/\/martapagar.ee\/?post_type=product&#038;p=7785"},"modified":"2026-03-01T19:28:12","modified_gmt":"2026-03-01T17:28:12","slug":"kartulikotlet-maisi-ja-hernega","status":"publish","type":"product","link":"https:\/\/martapagar.ee\/en\/toode\/kartulikotlet-maisi-ja-hernega\/","title":{"rendered":"Kartulikotlet maisi ja hernega"},"content":{"rendered":"<p>Eelk\u00fcpsetatud ja pakendatud gaasikeskkonda.<br \/>\nS\u00e4ilitus tingimus: +2\u00b0C&#8230;+6 \u00b0C.<br \/>\nK\u00f5lblik kuni: 14 p\u00e4eva<\/p>\n<p>Peale pakendi avamist hoida toode +2&#8230;+6 kraadi juures, kasutada 3 p\u00e4eva jooksul.<\/p>\n<div  class='av-social-sharing-box av-2j8azg-ecb349ae9cc12921cca1ca61c02ab696 av-social-sharing-box-default  avia-builder-el-0  avia-builder-el-no-sibling  av-social-sharing-box-fullwidth'><div class=\"av-share-box\"><h5 class='av-share-link-description av-no-toc '>Jaga s\u00f5pradele!<\/h5><ul class=\"av-share-box-list noLightbox\"><li class='av-share-link av-social-link-facebook' ><a target=\"_blank\" aria-label=\"Share on Facebook\" href='https:\/\/www.facebook.com\/sharer.php?u=https:\/\/martapagar.ee\/en\/toode\/kartulikotlet-maisi-ja-hernega\/&#038;t=Kartulikotlet%20maisi%20ja%20hernega' aria-hidden='false' data-av_icon='\ue8f3' data-av_iconfont='entypo-fontello' title='' data-avia-related-tooltip='Share on Facebook' rel=\"noopener\"><span class='avia_hidden_link_text'>Share on Facebook<\/span><\/a><\/li><li class='av-share-link av-social-link-twitter' ><a target=\"_blank\" aria-label=\"Share on Twitter\" href='https:\/\/twitter.com\/share?text=Kartulikotlet%20maisi%20ja%20hernega&#038;url=https:\/\/martapagar.ee\/en\/?p=7785' aria-hidden='false' data-av_icon='\ue932' data-av_iconfont='entypo-fontello' title='' data-avia-related-tooltip='Share on Twitter' rel=\"noopener\"><span class='avia_hidden_link_text'>Share on Twitter<\/span><\/a><\/li><li class='av-share-link av-social-link-mail' ><a  aria-label=\"Share by Mail\" href='mailto:?subject=Kartulikotlet%20maisi%20ja%20hernega&#038;body=https:\/\/martapagar.ee\/en\/toode\/kartulikotlet-maisi-ja-hernega\/' aria-hidden='false' data-av_icon='\ue805' data-av_iconfont='entypo-fontello' title='' data-avia-related-tooltip='Share by Mail'><span class='avia_hidden_link_text'>Share by Mail<\/span><\/a><\/li><\/ul><\/div><\/div>\n","protected":false},"excerpt":{"rendered":"<p>Kaal: 240 g<\/p>\n<p>Mahlane magusa maisi ja rohelise herne maitseline rapsi\u00f5lis k\u00fcpsetatud kartulikotlet, mis on maitsestatud erinevate maitseainete ja \u00fcrtidega. Sobib veganitele. Soovitav tarbida soojalt.<\/p>\n<p>Sobib v\u00e4ga h\u00e4sti prae k\u00f5rvale, v\u00f5ileiva peale ning hamburgeri vahele, sobilik tarbida ka sn\u00e4ki v\u00f5i vahepalana.<\/p>\n<p>&nbsp;<\/p>\n","protected":false},"featured_media":7766,"template":"","meta":[],"product_brand":[],"product_cat":[51,46],"product_tag":[],"class_list":{"0":"post-7785","1":"product","2":"type-product","3":"status-publish","4":"has-post-thumbnail","6":"product_cat-kotletid","7":"product_cat-kulinaaria","9":"first","10":"outofstock","11":"taxable","12":"shipping-taxable","13":"product-type-simple"},"_links":{"self":[{"href":"https:\/\/martapagar.ee\/en\/wp-json\/wp\/v2\/product\/7785","targetHints":{"allow":["GET"]}}],"collection":[{"href":"https:\/\/martapagar.ee\/en\/wp-json\/wp\/v2\/product"}],"about":[{"href":"https:\/\/martapagar.ee\/en\/wp-json\/wp\/v2\/types\/product"}],"wp:featuredmedia":[{"embeddable":true,"href":"https:\/\/martapagar.ee\/en\/wp-json\/wp\/v2\/media\/7766"}],"wp:attachment":[{"href":"https:\/\/martapagar.ee\/en\/wp-json\/wp\/v2\/media?parent=7785"}],"wp:term":[{"taxonomy":"product_brand","embeddable":true,"href":"https:\/\/martapagar.ee\/en\/wp-json\/wp\/v2\/product_brand?post=7785"},{"taxonomy":"product_cat","embeddable":true,"href":"https:\/\/martapagar.ee\/en\/wp-json\/wp\/v2\/product_cat?post=7785"},{"taxonomy":"product_tag","embeddable":true,"href":"https:\/\/martapagar.ee\/en\/wp-json\/wp\/v2\/product_tag?post=7785"}],"curies":[{"name":"wp","href":"https:\/\/api.w.org\/{rel}","templated":true}]}}