{"id":7787,"date":"2023-08-07T12:07:13","date_gmt":"2023-08-07T09:07:13","guid":{"rendered":"https:\/\/martapagar.ee\/?post_type=product&#038;p=7787"},"modified":"2026-04-09T16:18:52","modified_gmt":"2026-04-09T13:18:52","slug":"peekonimaitseline-kotlet","status":"publish","type":"product","link":"https:\/\/martapagar.ee\/en\/toode\/peekonimaitseline-kotlet\/","title":{"rendered":"Peekonimaitseline kotlet"},"content":{"rendered":"<p>Eelk\u00fcpsetatud ja pakendatud gaasikeskkonda.<br \/>\nS\u00e4ilitus tingimus: +2\u00b0C&#8230;+6 \u00b0C.<br \/>\nK\u00f5lblik kuni: 14 p\u00e4eva<\/p>\n<p>Peale pakendi avamist hoida toode +2&#8230;+6 kraadi juures, kasutada 3 p\u00e4eva jooksul.<\/p>\n<div  class='av-social-sharing-box av-2j8azg-ecb349ae9cc12921cca1ca61c02ab696 av-social-sharing-box-default  avia-builder-el-0  avia-builder-el-no-sibling  av-social-sharing-box-fullwidth'><div class=\"av-share-box\"><h5 class='av-share-link-description av-no-toc '>Jaga s\u00f5pradele!<\/h5><ul class=\"av-share-box-list noLightbox\"><li class='av-share-link av-social-link-facebook' ><a target=\"_blank\" aria-label=\"Share on Facebook\" href='https:\/\/www.facebook.com\/sharer.php?u=https:\/\/martapagar.ee\/en\/toode\/peekonimaitseline-kotlet\/&#038;t=Peekonimaitseline%20kotlet' aria-hidden='false' data-av_icon='\ue8f3' data-av_iconfont='entypo-fontello' title='' data-avia-related-tooltip='Share on Facebook' rel=\"noopener\"><span class='avia_hidden_link_text'>Share on Facebook<\/span><\/a><\/li><li class='av-share-link av-social-link-twitter' ><a target=\"_blank\" aria-label=\"Share on Twitter\" href='https:\/\/twitter.com\/share?text=Peekonimaitseline%20kotlet&#038;url=https:\/\/martapagar.ee\/en\/?p=7787' aria-hidden='false' data-av_icon='\ue932' data-av_iconfont='entypo-fontello' title='' data-avia-related-tooltip='Share on Twitter' rel=\"noopener\"><span class='avia_hidden_link_text'>Share on Twitter<\/span><\/a><\/li><li class='av-share-link av-social-link-mail' ><a  aria-label=\"Share by Mail\" href='mailto:?subject=Peekonimaitseline%20kotlet&#038;body=https:\/\/martapagar.ee\/en\/toode\/peekonimaitseline-kotlet\/' aria-hidden='false' data-av_icon='\ue805' data-av_iconfont='entypo-fontello' title='' data-avia-related-tooltip='Share by Mail'><span class='avia_hidden_link_text'>Share by Mail<\/span><\/a><\/li><\/ul><\/div><\/div>\n","protected":false},"excerpt":{"rendered":"<p>Kaal: 240 g<\/p>\n<p>Mahlane kartuliga peekonimaitseline kotlet, mis on maitsestatud erinevate maitseainete ja \u00fcrtidega.<\/p>\n<p>Sobib v\u00e4ga h\u00e4sti prae k\u00f5rvale ja v\u00f5ileiva peale. Sobilik tarbida soojalt ka sn\u00e4ki v\u00f5i vahepalana.<\/p>\n<p>Madala k\u00fcllastunud rasvhapete sisaldusega. Madala suhkrusisaldusega. Vegan.<\/p>\n<p>&nbsp;<\/p>\n","protected":false},"featured_media":7778,"template":"","meta":[],"product_brand":[],"product_cat":[51,46],"product_tag":[],"class_list":{"0":"post-7787","1":"product","2":"type-product","3":"status-publish","4":"has-post-thumbnail","6":"product_cat-kotletid","7":"product_cat-kulinaaria","9":"first","10":"outofstock","11":"taxable","12":"shipping-taxable","13":"product-type-simple"},"_links":{"self":[{"href":"https:\/\/martapagar.ee\/en\/wp-json\/wp\/v2\/product\/7787","targetHints":{"allow":["GET"]}}],"collection":[{"href":"https:\/\/martapagar.ee\/en\/wp-json\/wp\/v2\/product"}],"about":[{"href":"https:\/\/martapagar.ee\/en\/wp-json\/wp\/v2\/types\/product"}],"wp:featuredmedia":[{"embeddable":true,"href":"https:\/\/martapagar.ee\/en\/wp-json\/wp\/v2\/media\/7778"}],"wp:attachment":[{"href":"https:\/\/martapagar.ee\/en\/wp-json\/wp\/v2\/media?parent=7787"}],"wp:term":[{"taxonomy":"product_brand","embeddable":true,"href":"https:\/\/martapagar.ee\/en\/wp-json\/wp\/v2\/product_brand?post=7787"},{"taxonomy":"product_cat","embeddable":true,"href":"https:\/\/martapagar.ee\/en\/wp-json\/wp\/v2\/product_cat?post=7787"},{"taxonomy":"product_tag","embeddable":true,"href":"https:\/\/martapagar.ee\/en\/wp-json\/wp\/v2\/product_tag?post=7787"}],"curies":[{"name":"wp","href":"https:\/\/api.w.org\/{rel}","templated":true}]}}