{"id":7860,"date":"2023-11-21T18:25:43","date_gmt":"2023-11-21T16:25:43","guid":{"rendered":"https:\/\/martapagar.ee\/?post_type=product&#038;p=7860"},"modified":"2025-10-21T17:08:30","modified_gmt":"2025-10-21T14:08:30","slug":"sokolaadi-hummus","status":"publish","type":"product","link":"https:\/\/martapagar.ee\/en\/toode\/sokolaadi-hummus\/","title":{"rendered":"\u0160okolaadi hummus"},"content":{"rendered":"<p>S\u00e4ilitus tingimus: +2\u00b0C&#8230;+6 \u00b0C<br \/>\nK\u00f5lblik kuni: 45 p\u00e4eva<\/p>\n<div  class='av-social-sharing-box av-2j8azg-ecb349ae9cc12921cca1ca61c02ab696 av-social-sharing-box-default  avia-builder-el-0  avia-builder-el-no-sibling  av-social-sharing-box-fullwidth'><div class=\"av-share-box\"><h5 class='av-share-link-description av-no-toc '>Jaga s\u00f5pradele!<\/h5><ul class=\"av-share-box-list noLightbox\"><li class='av-share-link av-social-link-facebook' ><a target=\"_blank\" aria-label=\"Share on Facebook\" href='https:\/\/www.facebook.com\/sharer.php?u=https:\/\/martapagar.ee\/en\/toode\/sokolaadi-hummus\/&#038;t=%C5%A0okolaadi%20hummus' aria-hidden='false' data-av_icon='\ue8f3' data-av_iconfont='entypo-fontello' title='' data-avia-related-tooltip='Share on Facebook' rel=\"noopener\"><span class='avia_hidden_link_text'>Share on Facebook<\/span><\/a><\/li><li class='av-share-link av-social-link-twitter' ><a target=\"_blank\" aria-label=\"Share on Twitter\" href='https:\/\/twitter.com\/share?text=%C5%A0okolaadi%20hummus&#038;url=https:\/\/martapagar.ee\/en\/?p=7860' aria-hidden='false' data-av_icon='\ue932' data-av_iconfont='entypo-fontello' title='' data-avia-related-tooltip='Share on Twitter' rel=\"noopener\"><span class='avia_hidden_link_text'>Share on Twitter<\/span><\/a><\/li><li class='av-share-link av-social-link-mail' ><a  aria-label=\"Share by Mail\" href='mailto:?subject=%C5%A0okolaadi%20hummus&#038;body=https:\/\/martapagar.ee\/en\/toode\/sokolaadi-hummus\/' aria-hidden='false' data-av_icon='\ue805' data-av_iconfont='entypo-fontello' title='' data-avia-related-tooltip='Share by Mail'><span class='avia_hidden_link_text'>Share by Mail<\/span><\/a><\/li><\/ul><\/div><\/div>\n<p>&nbsp;<\/p>\n","protected":false},"excerpt":{"rendered":"<p>Kreemise tekstuuriga \u0161okolaadise maitsega hummus. Sobilik ka veganitele. Maitsev m\u00e4\u00e4re sobib saiale m\u00e4\u00e4rimiseks ja ka otse topsist s\u00f6\u00f6miseks v\u00f5i kasuta magusa dipikastmena.<\/p>\n<p>Kiudaineallikas.<\/p>\n","protected":false},"featured_media":7861,"template":"","meta":[],"product_brand":[],"product_cat":[56,46],"product_tag":[],"class_list":{"0":"post-7860","1":"product","2":"type-product","3":"status-publish","4":"has-post-thumbnail","6":"product_cat-hummused","7":"product_cat-kulinaaria","9":"first","10":"outofstock","11":"taxable","12":"shipping-taxable","13":"product-type-simple"},"_links":{"self":[{"href":"https:\/\/martapagar.ee\/en\/wp-json\/wp\/v2\/product\/7860","targetHints":{"allow":["GET"]}}],"collection":[{"href":"https:\/\/martapagar.ee\/en\/wp-json\/wp\/v2\/product"}],"about":[{"href":"https:\/\/martapagar.ee\/en\/wp-json\/wp\/v2\/types\/product"}],"wp:featuredmedia":[{"embeddable":true,"href":"https:\/\/martapagar.ee\/en\/wp-json\/wp\/v2\/media\/7861"}],"wp:attachment":[{"href":"https:\/\/martapagar.ee\/en\/wp-json\/wp\/v2\/media?parent=7860"}],"wp:term":[{"taxonomy":"product_brand","embeddable":true,"href":"https:\/\/martapagar.ee\/en\/wp-json\/wp\/v2\/product_brand?post=7860"},{"taxonomy":"product_cat","embeddable":true,"href":"https:\/\/martapagar.ee\/en\/wp-json\/wp\/v2\/product_cat?post=7860"},{"taxonomy":"product_tag","embeddable":true,"href":"https:\/\/martapagar.ee\/en\/wp-json\/wp\/v2\/product_tag?post=7860"}],"curies":[{"name":"wp","href":"https:\/\/api.w.org\/{rel}","templated":true}]}}