{"id":7977,"date":"2024-10-02T10:32:46","date_gmt":"2024-10-02T07:32:46","guid":{"rendered":"https:\/\/martapagar.ee\/?post_type=product&#038;p=7977"},"modified":"2025-10-21T16:29:11","modified_gmt":"2025-10-21T13:29:11","slug":"ounakook-380g-vegan-fitlap","status":"publish","type":"product","link":"https:\/\/martapagar.ee\/en\/toode\/ounakook-380g-vegan-fitlap\/","title":{"rendered":"\u00d5unakook 380 g (vegan, Fitlap)"},"content":{"rendered":"<p>Sobib suurep\u00e4raselt veganitele. Valmistatud kookossuhkruga ja Eestis kasvatatud toortatrajahuga.<br \/>\n<a href=\"https:\/\/fitlap.ee\/\" target=\"_blank\" rel=\"noopener\">Fitlap soovitab<\/a><br \/>\nEriti h\u00e4sti maitseb koos vaniljej\u00e4\u00e4tisega!<\/p>\n<p>Parim enne: 6 p\u00e4eva<\/p>\n<div  class='av-social-sharing-box av-2j8azg-ecb349ae9cc12921cca1ca61c02ab696 av-social-sharing-box-default  avia-builder-el-0  avia-builder-el-no-sibling  av-social-sharing-box-fullwidth'><div class=\"av-share-box\"><h5 class='av-share-link-description av-no-toc '>Jaga s\u00f5pradele!<\/h5><ul class=\"av-share-box-list noLightbox\"><li class='av-share-link av-social-link-facebook' ><a target=\"_blank\" aria-label=\"Share on Facebook\" href=\"https:\/\/www.facebook.com\/sharer.php?u=https:\/\/martapagar.ee\/en\/toode\/ounakook-380g-vegan-fitlap\/&#038;t=%C3%95unakook%20380%20g%20%28vegan%2C%20Fitlap%29\" aria-hidden=\"false\" data-av_icon=\"\ue8f3\" data-av_iconfont=\"entypo-fontello\" title=\"\" data-avia-related-tooltip=\"Share on Facebook\" rel=\"noopener\"><span class='avia_hidden_link_text'>Share on Facebook<\/span><\/a><\/li><li class='av-share-link av-social-link-twitter' ><a target=\"_blank\" aria-label=\"Share on Twitter\" href=\"https:\/\/twitter.com\/share?text=%C3%95unakook%20380%20g%20%28vegan%2C%20Fitlap%29&#038;url=https:\/\/martapagar.ee\/en\/?p=7977\" aria-hidden=\"false\" data-av_icon=\"\ue932\" data-av_iconfont=\"entypo-fontello\" title=\"\" data-avia-related-tooltip=\"Share on Twitter\" rel=\"noopener\"><span class='avia_hidden_link_text'>Share on Twitter<\/span><\/a><\/li><li class='av-share-link av-social-link-mail' ><a  aria-label=\"Share by Mail\" href='mailto:?subject=%C3%95unakook%20380%20g%20%28vegan%2C%20Fitlap%29&#038;body=https:\/\/martapagar.ee\/en\/toode\/ounakook-380g-vegan-fitlap\/' aria-hidden='false' data-av_icon='\ue805' data-av_iconfont='entypo-fontello' title='' data-avia-related-tooltip='Share by Mail'><span class='avia_hidden_link_text'>Share by Mail<\/span><\/a><\/li><\/ul><\/div><\/div>\n","protected":false},"excerpt":{"rendered":"<p>K\u00fcpsetatud \u00f5unakook, milles on rohkelt \u00f5unakuubikuid ning pealt kaunistatud suhkru-kaneeliseguga.<\/p>\n","protected":false},"featured_media":7978,"template":"","meta":[],"product_brand":[],"product_cat":[55],"product_tag":[],"class_list":{"0":"post-7977","1":"product","2":"type-product","3":"status-publish","4":"has-post-thumbnail","6":"product_cat-karbikoogid","8":"first","9":"outofstock","10":"taxable","11":"shipping-taxable","12":"product-type-simple"},"_links":{"self":[{"href":"https:\/\/martapagar.ee\/en\/wp-json\/wp\/v2\/product\/7977","targetHints":{"allow":["GET"]}}],"collection":[{"href":"https:\/\/martapagar.ee\/en\/wp-json\/wp\/v2\/product"}],"about":[{"href":"https:\/\/martapagar.ee\/en\/wp-json\/wp\/v2\/types\/product"}],"wp:featuredmedia":[{"embeddable":true,"href":"https:\/\/martapagar.ee\/en\/wp-json\/wp\/v2\/media\/7978"}],"wp:attachment":[{"href":"https:\/\/martapagar.ee\/en\/wp-json\/wp\/v2\/media?parent=7977"}],"wp:term":[{"taxonomy":"product_brand","embeddable":true,"href":"https:\/\/martapagar.ee\/en\/wp-json\/wp\/v2\/product_brand?post=7977"},{"taxonomy":"product_cat","embeddable":true,"href":"https:\/\/martapagar.ee\/en\/wp-json\/wp\/v2\/product_cat?post=7977"},{"taxonomy":"product_tag","embeddable":true,"href":"https:\/\/martapagar.ee\/en\/wp-json\/wp\/v2\/product_tag?post=7977"}],"curies":[{"name":"wp","href":"https:\/\/api.w.org\/{rel}","templated":true}]}}