{"id":8708,"date":"2025-10-24T21:43:22","date_gmt":"2025-10-24T18:43:22","guid":{"rendered":"https:\/\/martapagar.ee\/?post_type=product&#038;p=8708"},"modified":"2025-10-24T21:47:46","modified_gmt":"2025-10-24T18:47:46","slug":"vaarika-passioni-tort-600g","status":"publish","type":"product","link":"https:\/\/martapagar.ee\/en\/toode\/vaarika-passioni-tort-600g\/","title":{"rendered":"Vaarika-passioni tort 600g"},"content":{"rendered":"<p>Magusate biskviitide vahel on mahlane kohupiimakreem, millele annavad maitset hapukad vaarikat\u00fckid ning passionit\u00e4idis ja mida pealt katab r\u00f5\u00f5msalt kollane glasuur.<\/p>\n<p>K\u00f5lblik kuni: 5 p\u00e4eva<\/p>\n<p>&nbsp;<\/p>\n","protected":false},"excerpt":{"rendered":"<p>Mahlase kohupiimakreemiga hapukas vaarika-passioni biskviittort<\/p>\n<p>&nbsp;<\/p>\n","protected":false},"featured_media":8709,"template":"","meta":[],"product_brand":[],"product_cat":[54],"product_tag":[],"class_list":{"0":"post-8708","1":"product","2":"type-product","3":"status-publish","4":"has-post-thumbnail","6":"product_cat-tordid","8":"first","9":"outofstock","10":"taxable","11":"shipping-taxable","12":"product-type-simple"},"_links":{"self":[{"href":"https:\/\/martapagar.ee\/en\/wp-json\/wp\/v2\/product\/8708","targetHints":{"allow":["GET"]}}],"collection":[{"href":"https:\/\/martapagar.ee\/en\/wp-json\/wp\/v2\/product"}],"about":[{"href":"https:\/\/martapagar.ee\/en\/wp-json\/wp\/v2\/types\/product"}],"wp:featuredmedia":[{"embeddable":true,"href":"https:\/\/martapagar.ee\/en\/wp-json\/wp\/v2\/media\/8709"}],"wp:attachment":[{"href":"https:\/\/martapagar.ee\/en\/wp-json\/wp\/v2\/media?parent=8708"}],"wp:term":[{"taxonomy":"product_brand","embeddable":true,"href":"https:\/\/martapagar.ee\/en\/wp-json\/wp\/v2\/product_brand?post=8708"},{"taxonomy":"product_cat","embeddable":true,"href":"https:\/\/martapagar.ee\/en\/wp-json\/wp\/v2\/product_cat?post=8708"},{"taxonomy":"product_tag","embeddable":true,"href":"https:\/\/martapagar.ee\/en\/wp-json\/wp\/v2\/product_tag?post=8708"}],"curies":[{"name":"wp","href":"https:\/\/api.w.org\/{rel}","templated":true}]}}